{"id":20853,"date":"2025-01-12T11:04:43","date_gmt":"2025-01-12T11:04:43","guid":{"rendered":"https:\/\/effafood.com\/product\/sira-frikadellen-gewuerzmischung\/"},"modified":"2025-01-19T10:48:54","modified_gmt":"2025-01-19T10:48:54","slug":"sira-frikadellen-gewuerzmischung","status":"publish","type":"product","link":"https:\/\/effafood.com\/de\/product\/sira-frikadellen-gewuerzmischung\/","title":{"rendered":"Sira Frikadellen Gew\u00fcrzmischung"},"content":{"rendered":"","protected":false},"excerpt":{"rendered":"<p>SIRA K\u00d6FTE MIX<\/p>\n<p>Der S\u0131ra K\u00f6fte Mix hebt Ihre Fleischb\u00e4llchen-Rezepte auf ein neues Geschmacksniveau. Ob traditionelle t\u00fcrkische K\u00f6fte oder kreative Variationen aus anderen K\u00fcchen \u2013 diese Mischung sorgt f\u00fcr den perfekten Geschmack und die ideale Textur. Mit einer ausgewogenen Kombination aus Gew\u00fcrzen und nat\u00fcrlichen Zutaten verleiht sie Ihren Fleischb\u00e4llchen ein reiches Aroma und eine tiefgr\u00fcndige Geschmackstiefe.<\/p>\n<p>Einfach anzupassen, bietet der S\u0131ra K\u00f6fte Mix ein au\u00dfergew\u00f6hnliches kulinarisches Erlebnis und macht die Zubereitung von k\u00f6stlichen K\u00f6ften zu einem Genuss f\u00fcr Ihre Familie und Freunde.<\/p>\n","protected":false},"featured_media":20748,"template":"","meta":[],"product_brand":[2908],"product_cat":[440],"product_tag":[],"class_list":{"0":"post-20853","1":"product","2":"type-product","3":"status-publish","4":"has-post-thumbnail","6":"product_brand-sekeroglu-de","7":"product_cat-sonstiges","8":"pa_barcode-8695820016816-de","9":"pa_brand-sekeroglu-de","10":"pa_inbox-52-de","11":"pa_pallet-75-de","12":"pa_shelf-life-24-monat","13":"pa_weight-2-100-gr-tr","15":"first","16":"instock","17":"shipping-taxable","18":"product-type-simple"},"_links":{"self":[{"href":"https:\/\/effafood.com\/de\/wp-json\/wp\/v2\/product\/20853","targetHints":{"allow":["GET"]}}],"collection":[{"href":"https:\/\/effafood.com\/de\/wp-json\/wp\/v2\/product"}],"about":[{"href":"https:\/\/effafood.com\/de\/wp-json\/wp\/v2\/types\/product"}],"version-history":[{"count":2,"href":"https:\/\/effafood.com\/de\/wp-json\/wp\/v2\/product\/20853\/revisions"}],"predecessor-version":[{"id":21967,"href":"https:\/\/effafood.com\/de\/wp-json\/wp\/v2\/product\/20853\/revisions\/21967"}],"wp:featuredmedia":[{"embeddable":true,"href":"https:\/\/effafood.com\/de\/wp-json\/wp\/v2\/media\/20748"}],"wp:attachment":[{"href":"https:\/\/effafood.com\/de\/wp-json\/wp\/v2\/media?parent=20853"}],"wp:term":[{"taxonomy":"product_brand","embeddable":true,"href":"https:\/\/effafood.com\/de\/wp-json\/wp\/v2\/product_brand?post=20853"},{"taxonomy":"product_cat","embeddable":true,"href":"https:\/\/effafood.com\/de\/wp-json\/wp\/v2\/product_cat?post=20853"},{"taxonomy":"product_tag","embeddable":true,"href":"https:\/\/effafood.com\/de\/wp-json\/wp\/v2\/product_tag?post=20853"}],"curies":[{"name":"wp","href":"https:\/\/api.w.org\/{rel}","templated":true}]}}