{"id":20852,"date":"2025-01-12T11:18:22","date_gmt":"2025-01-12T11:18:22","guid":{"rendered":"https:\/\/effafood.com\/product\/sira-adana-kebap-gewuerzmischung\/"},"modified":"2025-01-19T10:47:42","modified_gmt":"2025-01-19T10:47:42","slug":"sira-adana-kebap-gewuerzmischung","status":"publish","type":"product","link":"https:\/\/effafood.com\/de\/product\/sira-adana-kebap-gewuerzmischung\/","title":{"rendered":"Sira Adana Kebap Gew\u00fcrzmischung"},"content":{"rendered":"","protected":false},"excerpt":{"rendered":"<p>SIRA ADANA KEBAB MIX<\/p>\n<p>Der S\u0131ra Adana Kebab Mix sorgt f\u00fcr den authentischen Geschmack eines perfekten Adana Kebabs. Mit einer sorgf\u00e4ltigen Kombination hochwertiger Zutaten bringt diese Gew\u00fcrzmischung den k\u00f6stlichen Geschmack und die richtige Balance von Aromen, die einen echten Adana Kebab auszeichnen. Ganz gleich, ob Sie ein erfahrener Koch oder Anf\u00e4nger sind \u2013 diese Mischung macht die Zubereitung eines saftigen, geschmackvollen Kebabs ganz einfach und wird jeden an Ihrem Tisch beeindrucken. Der S\u0131ra Adana Kebab Mix ist Ihre geheime Zutat f\u00fcr unvergessliche Kebab-Erlebnisse.<\/p>\n","protected":false},"featured_media":20758,"template":"","meta":[],"product_brand":[2908],"product_cat":[440],"product_tag":[],"class_list":{"0":"post-20852","1":"product","2":"type-product","3":"status-publish","4":"has-post-thumbnail","6":"product_brand-sekeroglu-de","7":"product_cat-sonstiges","8":"pa_barcode-8695820017097-de","9":"pa_brand-sekeroglu-de","10":"pa_inbox-52-de","11":"pa_pallet-75-de","12":"pa_shelf-life-24-monat","13":"pa_weight-2-70-gr-de","15":"first","16":"instock","17":"shipping-taxable","18":"product-type-simple"},"_links":{"self":[{"href":"https:\/\/effafood.com\/de\/wp-json\/wp\/v2\/product\/20852","targetHints":{"allow":["GET"]}}],"collection":[{"href":"https:\/\/effafood.com\/de\/wp-json\/wp\/v2\/product"}],"about":[{"href":"https:\/\/effafood.com\/de\/wp-json\/wp\/v2\/types\/product"}],"version-history":[{"count":2,"href":"https:\/\/effafood.com\/de\/wp-json\/wp\/v2\/product\/20852\/revisions"}],"predecessor-version":[{"id":21965,"href":"https:\/\/effafood.com\/de\/wp-json\/wp\/v2\/product\/20852\/revisions\/21965"}],"wp:featuredmedia":[{"embeddable":true,"href":"https:\/\/effafood.com\/de\/wp-json\/wp\/v2\/media\/20758"}],"wp:attachment":[{"href":"https:\/\/effafood.com\/de\/wp-json\/wp\/v2\/media?parent=20852"}],"wp:term":[{"taxonomy":"product_brand","embeddable":true,"href":"https:\/\/effafood.com\/de\/wp-json\/wp\/v2\/product_brand?post=20852"},{"taxonomy":"product_cat","embeddable":true,"href":"https:\/\/effafood.com\/de\/wp-json\/wp\/v2\/product_cat?post=20852"},{"taxonomy":"product_tag","embeddable":true,"href":"https:\/\/effafood.com\/de\/wp-json\/wp\/v2\/product_tag?post=20852"}],"curies":[{"name":"wp","href":"https:\/\/api.w.org\/{rel}","templated":true}]}}