{"id":20725,"date":"2025-01-12T10:28:10","date_gmt":"2025-01-12T10:28:10","guid":{"rendered":"https:\/\/effafood.com\/product\/sira-rohes-fleischbaellchen-kit-fleischlos\/"},"modified":"2025-01-19T10:50:09","modified_gmt":"2025-01-19T10:50:09","slug":"sira-rohes-fleischbaellchen-kit-fleischlos","status":"publish","type":"product","link":"https:\/\/effafood.com\/de\/product\/sira-rohes-fleischbaellchen-kit-fleischlos\/","title":{"rendered":"Sira Rohes Fleischb\u00e4llchen-Kit (fleischlos)"},"content":{"rendered":"","protected":false},"excerpt":{"rendered":"<p>\u015eEKERO\u011eLU MEATLESS \u00c7\u0130\u011e K\u00d6FTE SET<\/p>\n<p>Das \u015eekero\u011flu Meatless \u00c7i\u011f K\u00f6fte Set enth\u00e4lt alle Zutaten f\u00fcr die einfache Zubereitung von k\u00f6stlichen und frischen \u00c7i\u011f K\u00f6fte zu Hause. Es umfasst Bulgur, rote Paprikaflocken, schwarzen Pfeffer, Kreuzk\u00fcmmel, Piment, Zitronens\u00e4ure, Salz, Zwiebel, Knoblauch, Tomatenmark und Granatapfelmelassesauce.<\/p>\n<p>Zubereitung:<\/p>\n<ol>\n<li>Mischen Sie die Mischung mit 1,5 Tassen warmem Wasser und lassen Sie sie 10 Minuten ruhen.<\/li>\n<li>F\u00fcgen Sie das Tomatenmark hinzu und kneten Sie die Masse 5-7 Minuten.<\/li>\n<li>Geben Sie etwa eine Tasse Pflanzen\u00f6l hinzu und kneten Sie weiter.<\/li>\n<li>F\u00fcgen Sie die gehackte Zwiebel und Petersilie hinzu \u2013 fertig zum Servieren.<\/li>\n<\/ol>\n<p>Mit diesem Set k\u00f6nnen Sie schnell und einfach ein perfektes \u00c7i\u011f K\u00f6fte-Erlebnis zu Hause genie\u00dfen, das sowohl bequem als auch geschmacklich \u00fcberzeugend ist.<\/p>\n","protected":false},"featured_media":20737,"template":"","meta":[],"product_brand":[2908],"product_cat":[440],"product_tag":[],"class_list":{"0":"post-20725","1":"product","2":"type-product","3":"status-publish","4":"has-post-thumbnail","6":"product_brand-sekeroglu-de","7":"product_cat-sonstiges","8":"pa_barcode-8695820006466-de","9":"pa_brand-sekeroglu-de","10":"pa_inbox-12-de","11":"pa_pallet-96-de","12":"pa_shelf-life-18-monat","13":"pa_weight-2-500-gr-de","15":"first","16":"instock","17":"shipping-taxable","18":"product-type-simple"},"_links":{"self":[{"href":"https:\/\/effafood.com\/de\/wp-json\/wp\/v2\/product\/20725","targetHints":{"allow":["GET"]}}],"collection":[{"href":"https:\/\/effafood.com\/de\/wp-json\/wp\/v2\/product"}],"about":[{"href":"https:\/\/effafood.com\/de\/wp-json\/wp\/v2\/types\/product"}],"version-history":[{"count":2,"href":"https:\/\/effafood.com\/de\/wp-json\/wp\/v2\/product\/20725\/revisions"}],"predecessor-version":[{"id":21969,"href":"https:\/\/effafood.com\/de\/wp-json\/wp\/v2\/product\/20725\/revisions\/21969"}],"wp:featuredmedia":[{"embeddable":true,"href":"https:\/\/effafood.com\/de\/wp-json\/wp\/v2\/media\/20737"}],"wp:attachment":[{"href":"https:\/\/effafood.com\/de\/wp-json\/wp\/v2\/media?parent=20725"}],"wp:term":[{"taxonomy":"product_brand","embeddable":true,"href":"https:\/\/effafood.com\/de\/wp-json\/wp\/v2\/product_brand?post=20725"},{"taxonomy":"product_cat","embeddable":true,"href":"https:\/\/effafood.com\/de\/wp-json\/wp\/v2\/product_cat?post=20725"},{"taxonomy":"product_tag","embeddable":true,"href":"https:\/\/effafood.com\/de\/wp-json\/wp\/v2\/product_tag?post=20725"}],"curies":[{"name":"wp","href":"https:\/\/api.w.org\/{rel}","templated":true}]}}