{"id":20650,"date":"2024-12-28T22:03:46","date_gmt":"2024-12-28T22:03:46","guid":{"rendered":"https:\/\/effafood.com\/product\/minnettar-dibek-kaffee\/"},"modified":"2025-01-19T10:54:09","modified_gmt":"2025-01-19T10:54:09","slug":"minnettar-dibek-kaffee","status":"publish","type":"product","link":"https:\/\/effafood.com\/de\/product\/minnettar-dibek-kaffee\/","title":{"rendered":"Minnettar Dibek Kaffee"},"content":{"rendered":"","protected":false},"excerpt":{"rendered":"<p>MINNETTAR DIBEK KAFFEE<\/p>\n<p>Der Minnettar Dibek Kaffee, eine traditionelle Zubereitung aus T\u00fcrkischem Kaffee und einer Mischung aus verschiedenen Kr\u00e4utern, bietet ein weiches, angenehmes Geschmackserlebnis. Seit der osmanischen Zeit beliebt, hat Dibek Kaffee einen milderen Geschmack als t\u00fcrkischer Kaffee und ist durch die Kr\u00e4utermischung leichter zu trinken.<\/p>\n<p>Mit Zutaten wie Johannisbrot, Salep, Zahter, Kakao und Menengi\u00e7 vereint dieser Kaffee historische Aromen und l\u00e4sst Sie den einzigartigen Geschmack der Tradition auf Ihrem Gaumen genie\u00dfen.<\/p>\n","protected":false},"featured_media":20617,"template":"","meta":[],"product_brand":[2908],"product_cat":[901],"product_tag":[],"class_list":{"0":"post-20650","1":"product","2":"type-product","3":"status-publish","4":"has-post-thumbnail","6":"product_brand-sekeroglu-de","7":"product_cat-kaffee-de","8":"pa_barcode-8695820017349-de","9":"pa_brand-sekeroglu-de","10":"pa_inbox-12-de","11":"pa_pallet-224-de","12":"pa_shelf-life-24-monat","13":"pa_weight-2-165-gr-de","15":"first","16":"instock","17":"shipping-taxable","18":"product-type-simple"},"_links":{"self":[{"href":"https:\/\/effafood.com\/de\/wp-json\/wp\/v2\/product\/20650","targetHints":{"allow":["GET"]}}],"collection":[{"href":"https:\/\/effafood.com\/de\/wp-json\/wp\/v2\/product"}],"about":[{"href":"https:\/\/effafood.com\/de\/wp-json\/wp\/v2\/types\/product"}],"version-history":[{"count":4,"href":"https:\/\/effafood.com\/de\/wp-json\/wp\/v2\/product\/20650\/revisions"}],"predecessor-version":[{"id":21976,"href":"https:\/\/effafood.com\/de\/wp-json\/wp\/v2\/product\/20650\/revisions\/21976"}],"wp:featuredmedia":[{"embeddable":true,"href":"https:\/\/effafood.com\/de\/wp-json\/wp\/v2\/media\/20617"}],"wp:attachment":[{"href":"https:\/\/effafood.com\/de\/wp-json\/wp\/v2\/media?parent=20650"}],"wp:term":[{"taxonomy":"product_brand","embeddable":true,"href":"https:\/\/effafood.com\/de\/wp-json\/wp\/v2\/product_brand?post=20650"},{"taxonomy":"product_cat","embeddable":true,"href":"https:\/\/effafood.com\/de\/wp-json\/wp\/v2\/product_cat?post=20650"},{"taxonomy":"product_tag","embeddable":true,"href":"https:\/\/effafood.com\/de\/wp-json\/wp\/v2\/product_tag?post=20650"}],"curies":[{"name":"wp","href":"https:\/\/api.w.org\/{rel}","templated":true}]}}