{"id":20646,"date":"2024-12-28T22:00:27","date_gmt":"2024-12-28T22:00:27","guid":{"rendered":"https:\/\/effafood.com\/product\/minnettar-kaffee-mit-pistaziengeschmack\/"},"modified":"2025-01-19T10:54:56","modified_gmt":"2025-01-19T10:54:56","slug":"minnettar-kaffee-mit-pistaziengeschmack","status":"publish","type":"product","link":"https:\/\/effafood.com\/de\/product\/minnettar-kaffee-mit-pistaziengeschmack\/","title":{"rendered":"Minnettar Kaffee mit Pistaziengeschmack"},"content":{"rendered":"","protected":false},"excerpt":{"rendered":"<p>MINNETTAR PISTAZIENKAFFEE<\/p>\n<p>Minnettar Pistazienkaffee wird aus hochwertigen T\u00fcrkischen Kaffeebohnen und Antep-Pistazienk\u00f6rnern hergestellt, die sorgf\u00e4ltig in ihrem eigenen \u00d6l ger\u00f6stet und in traditionellen Steinm\u00fchlen gemahlen werden. Dieser Kaffee ist dickfl\u00fcssiger, weicher und aromatischer als andere Kaffeesorten.<\/p>\n<p>Die k\u00f6stlichen Pistazienpartikel, die beim Trinken auf der Zunge sp\u00fcrbar sind, kr\u00f6nen den Geschmack und bieten ein einzigartiges Erlebnis, bei dem Sie gleichzeitig den intensiven Geschmack des Kaffees und der T\u00fcrkischen Pistazie genie\u00dfen k\u00f6nnen.<\/p>\n","protected":false},"featured_media":20710,"template":"","meta":[],"product_brand":[2908],"product_cat":[901],"product_tag":[],"class_list":{"0":"post-20646","1":"product","2":"type-product","3":"status-publish","4":"has-post-thumbnail","6":"product_brand-sekeroglu-de","7":"product_cat-kaffee-de","8":"pa_barcode-8695820019923-de","9":"pa_brand-sekeroglu-de","10":"pa_inbox-12-de","11":"pa_pallet-224-de","12":"pa_shelf-life-24-monat","13":"pa_weight-2-165-gr-de","15":"first","16":"instock","17":"shipping-taxable","18":"product-type-simple"},"_links":{"self":[{"href":"https:\/\/effafood.com\/de\/wp-json\/wp\/v2\/product\/20646","targetHints":{"allow":["GET"]}}],"collection":[{"href":"https:\/\/effafood.com\/de\/wp-json\/wp\/v2\/product"}],"about":[{"href":"https:\/\/effafood.com\/de\/wp-json\/wp\/v2\/types\/product"}],"version-history":[{"count":4,"href":"https:\/\/effafood.com\/de\/wp-json\/wp\/v2\/product\/20646\/revisions"}],"predecessor-version":[{"id":21977,"href":"https:\/\/effafood.com\/de\/wp-json\/wp\/v2\/product\/20646\/revisions\/21977"}],"wp:featuredmedia":[{"embeddable":true,"href":"https:\/\/effafood.com\/de\/wp-json\/wp\/v2\/media\/20710"}],"wp:attachment":[{"href":"https:\/\/effafood.com\/de\/wp-json\/wp\/v2\/media?parent=20646"}],"wp:term":[{"taxonomy":"product_brand","embeddable":true,"href":"https:\/\/effafood.com\/de\/wp-json\/wp\/v2\/product_brand?post=20646"},{"taxonomy":"product_cat","embeddable":true,"href":"https:\/\/effafood.com\/de\/wp-json\/wp\/v2\/product_cat?post=20646"},{"taxonomy":"product_tag","embeddable":true,"href":"https:\/\/effafood.com\/de\/wp-json\/wp\/v2\/product_tag?post=20646"}],"curies":[{"name":"wp","href":"https:\/\/api.w.org\/{rel}","templated":true}]}}