{"id":20638,"date":"2024-12-28T21:50:48","date_gmt":"2024-12-28T21:50:48","guid":{"rendered":"https:\/\/effafood.com\/product\/minnettar-ottomane-kaffee\/"},"modified":"2025-01-19T10:55:54","modified_gmt":"2025-01-19T10:55:54","slug":"minnettar-ottomane-kaffee","status":"publish","type":"product","link":"https:\/\/effafood.com\/de\/product\/minnettar-ottomane-kaffee\/","title":{"rendered":"Minnettar Ottomane Kaffee"},"content":{"rendered":"","protected":false},"excerpt":{"rendered":"<p>MINNETTAR OTTOMAN COFFEE<\/p>\n<p>Minettar Ottoman Coffee erfreut sich zunehmender Beliebtheit. Mit seinem weichen, s\u00fc\u00dfen und aromatischen Geschmack ist dieser Osmanische Kaffee ein wahres Fest der Aromen f\u00fcr Menschen jeden Alters.<\/p>\n<p>Hergestellt nach traditionellen und regionalen Methoden, bietet der Osmanische Kaffee eine k\u00f6stliche Alternative zum klassischen Kaffee. Er ist besonders geeignet f\u00fcr diejenigen, die nach neuen Geschmackserlebnissen suchen oder empfindlich auf herk\u00f6mmlichen Kaffee reagieren. Mit Aromen von Ziegenhorn und Menengi\u00e7 vereint dieser Kaffee vielf\u00e4ltige Geschmacksrichtungen zu einem einzigartigen Genusserlebnis.<\/p>\n","protected":false},"featured_media":20604,"template":"","meta":[],"product_brand":[2908],"product_cat":[901],"product_tag":[],"class_list":{"0":"post-20638","1":"product","2":"type-product","3":"status-publish","4":"has-post-thumbnail","6":"product_brand-sekeroglu-de","7":"product_cat-kaffee-de","8":"pa_barcode-8695820017325-de","9":"pa_brand-sekeroglu-de","10":"pa_inbox-12-de","11":"pa_pallet-224-de","12":"pa_shelf-life-24-monat","13":"pa_weight-2-165-gr-de","15":"first","16":"instock","17":"shipping-taxable","18":"product-type-simple"},"_links":{"self":[{"href":"https:\/\/effafood.com\/de\/wp-json\/wp\/v2\/product\/20638","targetHints":{"allow":["GET"]}}],"collection":[{"href":"https:\/\/effafood.com\/de\/wp-json\/wp\/v2\/product"}],"about":[{"href":"https:\/\/effafood.com\/de\/wp-json\/wp\/v2\/types\/product"}],"version-history":[{"count":3,"href":"https:\/\/effafood.com\/de\/wp-json\/wp\/v2\/product\/20638\/revisions"}],"predecessor-version":[{"id":21978,"href":"https:\/\/effafood.com\/de\/wp-json\/wp\/v2\/product\/20638\/revisions\/21978"}],"wp:featuredmedia":[{"embeddable":true,"href":"https:\/\/effafood.com\/de\/wp-json\/wp\/v2\/media\/20604"}],"wp:attachment":[{"href":"https:\/\/effafood.com\/de\/wp-json\/wp\/v2\/media?parent=20638"}],"wp:term":[{"taxonomy":"product_brand","embeddable":true,"href":"https:\/\/effafood.com\/de\/wp-json\/wp\/v2\/product_brand?post=20638"},{"taxonomy":"product_cat","embeddable":true,"href":"https:\/\/effafood.com\/de\/wp-json\/wp\/v2\/product_cat?post=20638"},{"taxonomy":"product_tag","embeddable":true,"href":"https:\/\/effafood.com\/de\/wp-json\/wp\/v2\/product_tag?post=20638"}],"curies":[{"name":"wp","href":"https:\/\/api.w.org\/{rel}","templated":true}]}}