{"id":20633,"date":"2024-12-28T21:45:42","date_gmt":"2024-12-28T21:45:42","guid":{"rendered":"https:\/\/effafood.com\/product\/minnettar-salep\/"},"modified":"2025-03-03T17:44:21","modified_gmt":"2025-03-03T17:44:21","slug":"minnettar-salep","status":"publish","type":"product","link":"https:\/\/effafood.com\/de\/product\/minnettar-salep\/","title":{"rendered":"Minnettar Salep"},"content":{"rendered":"","protected":false},"excerpt":{"rendered":"<div class=\"woocommerce-product-details__short-description\">\n<p>Milky Sahlep, eines der unentbehrlichen Lebensmittel f\u00fcr die Wintermonate mit seinem weichen Geschmack und angenehmen Geruch, wird aus dem Pulver der unterirdischen Knollen vieler Arten der Orchideenfamilie gewonnen.<\/p>\n<p>Minnettar Milky Sahleps enthalten nichts als Salep-Pulver und Milch. Unser Sahlep, das durch das Mahlen nat\u00fcrlicher Sahlep-Wurzeln gewonnen wird, ist f\u00fcr Sie verpackt, um Sie an kalten Wintertagen zu w\u00e4rmen. <\/p>\n<\/div>\n","protected":false},"featured_media":20713,"template":"","meta":[],"product_brand":[2908],"product_cat":[901],"product_tag":[],"class_list":{"0":"post-20633","1":"product","2":"type-product","3":"status-publish","4":"has-post-thumbnail","6":"product_brand-sekeroglu-de","7":"product_cat-kaffee-de","8":"pa_barcode-8695820018278-de-2","9":"pa_brand-sekeroglu-de","10":"pa_inbox-12-de","11":"pa_pallet-224-de","12":"pa_shelf-life-24-monat","13":"pa_weight-2-200-gr-de","15":"first","16":"instock","17":"shipping-taxable","18":"product-type-simple"},"_links":{"self":[{"href":"https:\/\/effafood.com\/de\/wp-json\/wp\/v2\/product\/20633","targetHints":{"allow":["GET"]}}],"collection":[{"href":"https:\/\/effafood.com\/de\/wp-json\/wp\/v2\/product"}],"about":[{"href":"https:\/\/effafood.com\/de\/wp-json\/wp\/v2\/types\/product"}],"version-history":[{"count":5,"href":"https:\/\/effafood.com\/de\/wp-json\/wp\/v2\/product\/20633\/revisions"}],"predecessor-version":[{"id":25170,"href":"https:\/\/effafood.com\/de\/wp-json\/wp\/v2\/product\/20633\/revisions\/25170"}],"wp:featuredmedia":[{"embeddable":true,"href":"https:\/\/effafood.com\/de\/wp-json\/wp\/v2\/media\/20713"}],"wp:attachment":[{"href":"https:\/\/effafood.com\/de\/wp-json\/wp\/v2\/media?parent=20633"}],"wp:term":[{"taxonomy":"product_brand","embeddable":true,"href":"https:\/\/effafood.com\/de\/wp-json\/wp\/v2\/product_brand?post=20633"},{"taxonomy":"product_cat","embeddable":true,"href":"https:\/\/effafood.com\/de\/wp-json\/wp\/v2\/product_cat?post=20633"},{"taxonomy":"product_tag","embeddable":true,"href":"https:\/\/effafood.com\/de\/wp-json\/wp\/v2\/product_tag?post=20633"}],"curies":[{"name":"wp","href":"https:\/\/api.w.org\/{rel}","templated":true}]}}