{"id":20375,"date":"2021-10-12T15:51:09","date_gmt":"2021-10-12T15:51:09","guid":{"rendered":"https:\/\/effafood.com\/ueber-uns\/"},"modified":"2024-10-30T00:01:41","modified_gmt":"2024-10-30T00:01:41","slug":"ueber-uns","status":"publish","type":"page","link":"https:\/\/effafood.com\/de\/ueber-uns\/","title":{"rendered":"\u00dcber uns"},"content":{"rendered":"\t\t<div data-elementor-type=\"wp-page\" data-elementor-id=\"20375\" class=\"elementor elementor-20375 elementor-4400\">\n\t\t\t\t\t\t<section class=\"wd-negative-gap elementor-section elementor-top-section elementor-element elementor-element-12e4d6e8 elementor-section-content-middle elementor-section-boxed elementor-section-height-default elementor-section-height-default\" data-id=\"12e4d6e8\" data-element_type=\"section\">\n\t\t\t\t\t\t<div class=\"elementor-container elementor-column-gap-wide\">\n\t\t\t\t\t<div class=\"elementor-column elementor-col-50 elementor-top-column elementor-element elementor-element-489a2ee\" data-id=\"489a2ee\" data-element_type=\"column\" data-settings=\"{&quot;background_background&quot;:&quot;classic&quot;}\">\n\t\t\t<div class=\"elementor-widget-wrap elementor-element-populated\">\n\t\t\t\t\t\t<div class=\"elementor-element elementor-element-51a6af19 elementor-widget elementor-widget-image\" data-id=\"51a6af19\" data-element_type=\"widget\" data-widget_type=\"image.default\">\n\t\t\t\t<div class=\"elementor-widget-container\">\n\t\t\t\t\t\t\t\t\t\t\t\t\t\t\t<img fetchpriority=\"high\" decoding=\"async\" width=\"3565\" height=\"2278\" src=\"https:\/\/effafood.com\/wp-content\/uploads\/2024\/10\/Effa-GmbH.png\" class=\"attachment-full size-full wp-image-20166\" alt=\"\" srcset=\"https:\/\/effafood.com\/wp-content\/uploads\/2024\/10\/Effa-GmbH.png 3565w, https:\/\/effafood.com\/wp-content\/uploads\/2024\/10\/Effa-GmbH-150x96.png 150w, https:\/\/effafood.com\/wp-content\/uploads\/2024\/10\/Effa-GmbH-700x447.png 700w, https:\/\/effafood.com\/wp-content\/uploads\/2024\/10\/Effa-GmbH-400x256.png 400w, https:\/\/effafood.com\/wp-content\/uploads\/2024\/10\/Effa-GmbH-1252x800.png 1252w, https:\/\/effafood.com\/wp-content\/uploads\/2024\/10\/Effa-GmbH-768x491.png 768w, https:\/\/effafood.com\/wp-content\/uploads\/2024\/10\/Effa-GmbH-1536x981.png 1536w, https:\/\/effafood.com\/wp-content\/uploads\/2024\/10\/Effa-GmbH-2048x1309.png 2048w\" sizes=\"(max-width: 3565px) 100vw, 3565px\" \/>\t\t\t\t\t\t\t\t\t\t\t\t\t\t\t<\/div>\n\t\t\t\t<\/div>\n\t\t\t\t\t<\/div>\n\t\t<\/div>\n\t\t\t\t<div class=\"elementor-column elementor-col-50 elementor-top-column elementor-element elementor-element-6537d45\" data-id=\"6537d45\" data-element_type=\"column\" data-settings=\"{&quot;background_background&quot;:&quot;classic&quot;}\">\n\t\t\t<div class=\"elementor-widget-wrap elementor-element-populated\">\n\t\t\t\t\t\t<div class=\"elementor-element elementor-element-430aa62 elementor-widget__width-initial wd-width-100 elementor-widget elementor-widget-wd_title\" data-id=\"430aa62\" data-element_type=\"widget\" data-widget_type=\"wd_title.default\">\n\t\t\t\t<div class=\"elementor-widget-container\">\n\t\t\t\t\t\t\t<div class=\"title-wrapper wd-set-mb reset-last-child wd-title-color-primary wd-title-style-simple wd-title-size-large text-left\">\n\n\t\t\t\t\t\t\t\t\t\t\t<div class=\"title-subtitle subtitle-color-primary subtitle-style-default wd-fontsize-xs\">\n\t\t\t\t\tZUVERL\u00c4SSIGER LEBENSMITTELLIEFERANT\t\t\t\t<\/div>\n\t\t\t\n\t\t\t<div class=\"liner-continer\">\n\t\t\t\t<h4 class=\"woodmart-title-container title wd-fontsize-xxl\">\u00dcber Effa Food GmbH<br \/>\n<\/h4> \n\t\t\t\t\t\t\t<\/div>\n\n\t\t\t\t\t<\/div>\n\t\t\t\t\t\t<\/div>\n\t\t\t\t<\/div>\n\t\t\t\t<div class=\"elementor-element elementor-element-df8af3b elementor-widget elementor-widget-wd_text_block\" data-id=\"df8af3b\" data-element_type=\"widget\" data-widget_type=\"wd_text_block.default\">\n\t\t\t\t<div class=\"elementor-widget-container\">\n\t\t\t\t\t\t\t<div class=\"wd-text-block reset-last-child text-left\">\n\t\t\t\n\t\t\t<p>Willkommen bei Effa Food GmbH, Ihrem vertrauensw\u00fcrdigen Lebensmittelgro\u00dfh\u00e4ndler mit Sitz in Bremen, Deutschland. Wir sind stolz darauf, eine gro\u00dfe Auswahl an hochwertigen Lebensmitteln und Getr\u00e4nken in ganz Deutschland und Westeuropa zu liefern und sowohl traditionelle als auch moderne Vertriebskan\u00e4le zu bedienen. <\/p><p>Bei Effa Food GmbH haben wir uns verpflichtet, au\u00dfergew\u00f6hnliche Produkte und einen hervorragenden Service zu einem fairen Preis zu liefern. Wir sind stolz darauf, bekannte Marken wie Fini Jelly, Hell Energy Beverage, KBF Biscuits, Koylu Dairy Products, Toren Chocolate, Koy Sefasi Olive, Sekeroglu, Kucharek und Sealed Nature Organic Fruit Juice zu vertreiben. Ganz gleich, ob Sie Einzelh\u00e4ndler, Restaurant oder Cateringservice sind, Sie k\u00f6nnen sich auf uns verlassen, wenn es um erstklassige Angebote geht, die den h\u00f6chsten Qualit\u00e4tsstandards entsprechen.  <\/p><h5>Unsere Mission ist einfach:<\/h5><p>um die L\u00fccke zwischen herausragenden internationalen Marken und Kunden, die hochwertige Produkte suchen, zu schlie\u00dfen. Wir glauben daran, dass wir durch unser Engagement f\u00fcr Zuverl\u00e4ssigkeit, Transparenz und Kundenzufriedenheit langfristige Beziehungen aufbauen k\u00f6nnen. <\/p><p>W\u00e4hrend wir weiter wachsen, konzentrieren wir uns weiterhin auf unsere Kernwerte - erstklassige Lebensmittel und Getr\u00e4nke in Ihre Regale zu bringen und gleichzeitig au\u00dfergew\u00f6hnlichen Service und wettbewerbsf\u00e4hige Preise zu gew\u00e4hrleisten.<\/p><p>Vielen Dank, dass Sie sich f\u00fcr Effa Food GmbH entschieden haben. Gemeinsam freuen wir uns darauf, Ihren Gesch\u00e4ftserfolg zu f\u00f6rdern. <\/p><p>Diese Version unterstreicht Ihre Mission, die Marken, die Sie vertreiben, und die Werte, die Ihr Unternehmen vertritt, w\u00e4hrend Sie gleichzeitig einen freundlichen, professionellen Ton beibehalten, der zur Partnerschaft einl\u00e4dt.<\/p>\n\t\t\t\t\t<\/div>\n\t\t\t\t\t\t<\/div>\n\t\t\t\t<\/div>\n\t\t<div class=\"elementor-element elementor-element-b1c0419 e-con-full e-flex e-con e-child\" data-id=\"b1c0419\" data-element_type=\"container\">\n\t\t\t\t<div class=\"elementor-element elementor-element-29fbaea elementor-widget elementor-widget-wd_social_buttons\" data-id=\"29fbaea\" data-element_type=\"widget\" data-widget_type=\"wd_social_buttons.default\">\n\t\t\t\t<div class=\"elementor-widget-container\">\n\t\t\t\t\t\t\t\t<div\n\t\t\t\t\t\tclass=\" wd-social-icons wd-style-simple wd-size-default social-follow wd-shape-rounded color-scheme-dark text-center\">\n\t\t\t\t\n\t\t\t\t\n\t\t\t\t\n\t\t\t\t\n\t\t\t\t\n\t\t\t\t\n\t\t\t\t\t\t\t\t\t<a rel=\"noopener noreferrer nofollow\" href=\"https:\/\/www.instagram.com\/effafood\/\" target=\"_blank\" class=\" wd-social-icon social-instagram\" aria-label=\"Instagram social link\">\n\t\t\t\t\t\t<span class=\"wd-icon\"><\/span>\n\t\t\t\t\t\t\t\t\t\t\t<\/a>\n\t\t\t\t\n\t\t\t\t\n\t\t\t\t\n\t\t\t\t\n\t\t\t\t\n\t\t\t\t\t\t\t\t\t<a rel=\"noopener noreferrer nofollow\" href=\"https:\/\/linkedin.com\/company\/effa-food-gmbh\" target=\"_blank\" class=\" wd-social-icon social-linkedin\" aria-label=\"Linkedin social link\">\n\t\t\t\t\t\t<span class=\"wd-icon\"><\/span>\n\t\t\t\t\t\t\t\t\t\t\t<\/a>\n\t\t\t\t\n\t\t\t\t\n\t\t\t\t\n\t\t\t\t\n\t\t\t\t\n\t\t\t\t\n\t\t\t\t\n\t\t\t\t\n\t\t\t\t\n\t\t\t\t\t\t\t\t\t<a rel=\"noopener noreferrer nofollow\" href=\"https:\/\/wa.me\/491728521910\" target=\"_blank\" class=\"wd-hide-md  wd-social-icon social-whatsapp\" aria-label=\"WhatsApp social link\">\n\t\t\t\t\t\t<span class=\"wd-icon\"><\/span>\n\t\t\t\t\t\t\t\t\t\t\t<\/a>\n\n\t\t\t\t\t<a rel=\"noopener noreferrer nofollow\" href=\"https:\/\/wa.me\/491728521910\" target=\"_blank\" class=\"wd-hide-lg  wd-social-icon social-whatsapp\" aria-label=\"WhatsApp social link\">\n\t\t\t\t\t\t<span class=\"wd-icon\"><\/span>\n\t\t\t\t\t\t\t\t\t\t\t<\/a>\n\t\t\t\t\n\t\t\t\t\n\t\t\t\t\n\t\t\t\t\n\t\t\t\t\n\t\t\t\t\n\t\t\t\t\n\t\t\t\t\n\t\t\t<\/div>\n\n\t\t\t\t\t\t<\/div>\n\t\t\t\t<\/div>\n\t\t\t\t<\/div>\n\t\t\t\t\t<\/div>\n\t\t<\/div>\n\t\t\t\t\t<\/div>\n\t\t<\/section>\n\t\t\t\t<\/div>\n\t\t","protected":false},"excerpt":{"rendered":"<p>ZUVERL\u00c4SSIGER LEBENSMITTELLIEFERANT \u00dcber Effa Food GmbH Willkommen bei Effa Food GmbH, Ihrem vertrauensw\u00fcrdigen Lebensmittelgro\u00dfh\u00e4ndler mit Sitz in Bremen, Deutschland. Wir<\/p>\n","protected":false},"author":1,"featured_media":0,"parent":0,"menu_order":0,"comment_status":"closed","ping_status":"closed","template":"","meta":{"footnotes":""},"class_list":["post-20375","page","type-page","status-publish","hentry"],"_links":{"self":[{"href":"https:\/\/effafood.com\/de\/wp-json\/wp\/v2\/pages\/20375","targetHints":{"allow":["GET"]}}],"collection":[{"href":"https:\/\/effafood.com\/de\/wp-json\/wp\/v2\/pages"}],"about":[{"href":"https:\/\/effafood.com\/de\/wp-json\/wp\/v2\/types\/page"}],"author":[{"embeddable":true,"href":"https:\/\/effafood.com\/de\/wp-json\/wp\/v2\/users\/1"}],"replies":[{"embeddable":true,"href":"https:\/\/effafood.com\/de\/wp-json\/wp\/v2\/comments?post=20375"}],"version-history":[{"count":1,"href":"https:\/\/effafood.com\/de\/wp-json\/wp\/v2\/pages\/20375\/revisions"}],"predecessor-version":[{"id":20376,"href":"https:\/\/effafood.com\/de\/wp-json\/wp\/v2\/pages\/20375\/revisions\/20376"}],"wp:attachment":[{"href":"https:\/\/effafood.com\/de\/wp-json\/wp\/v2\/media?parent=20375"}],"curies":[{"name":"wp","href":"https:\/\/api.w.org\/{rel}","templated":true}]}}