{"id":20354,"date":"2024-10-26T23:54:14","date_gmt":"2024-10-26T23:54:14","guid":{"rendered":"https:\/\/effafood.com\/datenschutzbestimmungen\/"},"modified":"2025-02-22T00:34:18","modified_gmt":"2025-02-22T00:34:18","slug":"datenschutzbestimmungen","status":"publish","type":"page","link":"https:\/\/effafood.com\/de\/datenschutzbestimmungen\/","title":{"rendered":"Datenschutzbestimmungen"},"content":{"rendered":"\t\t<div data-elementor-type=\"wp-page\" data-elementor-id=\"20354\" class=\"elementor elementor-20354 elementor-19832\">\n\t\t\t\t\t\t<section class=\"elementor-section elementor-top-section elementor-element elementor-element-73e2386 elementor-section-boxed elementor-section-height-default elementor-section-height-default\" data-id=\"73e2386\" data-element_type=\"section\">\n\t\t\t\t\t\t<div class=\"elementor-container elementor-column-gap-default\">\n\t\t\t\t\t<div class=\"elementor-column elementor-col-100 elementor-top-column elementor-element elementor-element-c093699\" data-id=\"c093699\" data-element_type=\"column\">\n\t\t\t<div class=\"elementor-widget-wrap elementor-element-populated\">\n\t\t\t\t\t\t<div class=\"elementor-element elementor-element-e36818a wd-width-100 elementor-widget elementor-widget-wd_title\" data-id=\"e36818a\" data-element_type=\"widget\" data-widget_type=\"wd_title.default\">\n\t\t\t\t<div class=\"elementor-widget-container\">\n\t\t\t\t\t\t\t<div class=\"title-wrapper wd-set-mb reset-last-child wd-title-color-primary wd-title-style-simple wd-title-size-extra-large text-left\">\n\n\t\t\t\n\t\t\t<div class=\"liner-continer\">\n\t\t\t\t<h4 class=\"woodmart-title-container title wd-fontsize-xxxl\">Datenschutz<\/h4> \n\t\t\t\t\t\t\t<\/div>\n\n\t\t\t\t\t<\/div>\n\t\t\t\t\t\t<\/div>\n\t\t\t\t<\/div>\n\t\t\t\t<div class=\"elementor-element elementor-element-101ec46 color-scheme-inherit text-left elementor-widget elementor-widget-text-editor\" data-id=\"101ec46\" data-element_type=\"widget\" data-widget_type=\"text-editor.default\">\n\t\t\t\t<div class=\"elementor-widget-container\">\n\t\t\t\t\t\t\t\t\t<p><strong>Datum des Inkrafttretens: 01.01.2025  <\/strong><\/p>\n<p><strong>Wir bei Effa Food verpflichten uns, Ihre Privatsph\u00e4re zu sch\u00fctzen. In dieser Datenschutzerkl\u00e4rung erfahren Sie, wie wir Ihre pers\u00f6nlichen Daten erfassen, verwenden und sch\u00fctzen, wenn Sie unsere Website besuchen oder unsere Dienstleistungen nutzen.   <\/strong><\/p>\n<p><strong>1. Informationen, die wir sammeln &#8211; Pers\u00f6nliche Informationen: Name, E-Mail, Telefonnummer, Adresse und Zahlungsdetails, wenn Sie einen Kauf t\u00e4tigen. &#8211; Nicht-pers\u00f6nliche Informationen: Daten wie Browsertyp, IP-Adresse und Nutzungsstatistiken. &#8211; Cookies: Wir verwenden Cookies f\u00fcr die Funktionalit\u00e4t der Website und zur Verbesserung Ihrer Erfahrung.    <\/strong><\/p>\n<p><strong>2. Wie wir Ihre Informationen verwenden &#8211; Um Bestellungen zu bearbeiten, Dienstleistungen zu erbringen und mit Ihnen zu kommunizieren. &#8211; Zur Verbesserung unserer Website und zum Schutz vor Betrug.   <\/strong><\/p>\n<p><strong>3. Datensicherheit Wir verwenden sichere Systeme, um Ihre Daten vor unberechtigtem Zugriff oder Offenlegung zu sch\u00fctzen.  <\/strong><\/p>\n<p><strong>4. Weitergabe Ihrer Informationen Wir verkaufen Ihre pers\u00f6nlichen Daten nicht. Wir k\u00f6nnen Ihre Informationen mit vertrauensw\u00fcrdigen Dienstleistern f\u00fcr die Auftragsabwicklung und f\u00fcr Marketingzwecke teilen.   <\/strong><\/p>\n<p><strong>5. Ihre Rechte &#8211; Zugang: Sie k\u00f6nnen eine Kopie Ihrer pers\u00f6nlichen Daten anfordern. &#8211; Aktualisieren oder L\u00f6schen: Sie k\u00f6nnen Korrekturen oder die L\u00f6schung Ihrer Daten beantragen. &#8211; Abbestellen: Sie k\u00f6nnen sich jederzeit von Marketing-E-Mails abmelden.    <\/strong><\/p>\n<p><strong>6. Links zu Drittanbietern Unsere Website kann Links zu anderen Websites enthalten. Wir sind nicht verantwortlich f\u00fcr deren Datenschutzpraktiken.   <\/strong><\/p>\n<p><strong>7. Datenschutz f\u00fcr Kinder Wir sammeln nicht wissentlich pers\u00f6nliche Daten von Kindern unter 13 Jahren.  <\/strong><\/p>\n<p><strong>8. \u00c4nderungen an dieser Datenschutzrichtlinie Wir k\u00f6nnen diese Richtlinie aktualisieren. Bitte \u00fcberpr\u00fcfen Sie diese Seite regelm\u00e4\u00dfig auf etwaige \u00c4nderungen. <\/strong><\/p>\n<p><strong>  9. Kontakt Bei Fragen kontaktieren Sie uns bitte unter: E-Mail:   <\/strong><\/p>\n<p><a href=\"mailto:info@effafood.com\"><strong>info@effafood.com  <\/strong><\/a><\/p>\n\t\t\t\t\t\t\t\t<\/div>\n\t\t\t\t<\/div>\n\t\t\t\t<section class=\"wd-negative-gap elementor-section elementor-inner-section elementor-element elementor-element-3c15979 elementor-section-content-middle elementor-section-boxed elementor-section-height-default elementor-section-height-default\" data-id=\"3c15979\" data-element_type=\"section\">\n\t\t\t\t\t\t<div class=\"elementor-container elementor-column-gap-default\">\n\t\t\t\t\t<div class=\"elementor-column elementor-col-100 elementor-inner-column elementor-element elementor-element-e7555d9\" data-id=\"e7555d9\" data-element_type=\"column\">\n\t\t\t<div class=\"elementor-widget-wrap elementor-element-populated\">\n\t\t\t\t\t\t<div class=\"elementor-element elementor-element-b4f202d elementor-widget__width-auto elementor-widget elementor-widget-wd_social_buttons\" data-id=\"b4f202d\" data-element_type=\"widget\" data-widget_type=\"wd_social_buttons.default\">\n\t\t\t\t<div class=\"elementor-widget-container\">\n\t\t\t\t\t\t\t\t<div\n\t\t\t\t\t\tclass=\" wd-social-icons wd-style-bordered wd-size-small social-follow wd-shape-circle color-scheme-dark text-right\">\n\t\t\t\t\n\t\t\t\t\n\t\t\t\t\n\t\t\t\t\n\t\t\t\t\n\t\t\t\t\n\t\t\t\t\t\t\t\t\t<a rel=\"noopener noreferrer nofollow\" href=\"https:\/\/www.instagram.com\/effafood\/\" target=\"_blank\" class=\" wd-social-icon social-instagram\" aria-label=\"Instagram social link\">\n\t\t\t\t\t\t<span class=\"wd-icon\"><\/span>\n\t\t\t\t\t\t\t\t\t\t\t<\/a>\n\t\t\t\t\n\t\t\t\t\n\t\t\t\t\n\t\t\t\t\n\t\t\t\t\n\t\t\t\t\t\t\t\t\t<a rel=\"noopener noreferrer nofollow\" href=\"https:\/\/linkedin.com\/company\/effa-food-gmbh\" target=\"_blank\" class=\" wd-social-icon social-linkedin\" aria-label=\"Linkedin social link\">\n\t\t\t\t\t\t<span class=\"wd-icon\"><\/span>\n\t\t\t\t\t\t\t\t\t\t\t<\/a>\n\t\t\t\t\n\t\t\t\t\n\t\t\t\t\n\t\t\t\t\n\t\t\t\t\n\t\t\t\t\n\t\t\t\t\n\t\t\t\t\n\t\t\t\t\n\t\t\t\t\t\t\t\t\t<a rel=\"noopener noreferrer nofollow\" href=\"https:\/\/wa.me\/491728521910\" target=\"_blank\" class=\"wd-hide-md  wd-social-icon social-whatsapp\" aria-label=\"WhatsApp social link\">\n\t\t\t\t\t\t<span class=\"wd-icon\"><\/span>\n\t\t\t\t\t\t\t\t\t\t\t<\/a>\n\n\t\t\t\t\t<a rel=\"noopener noreferrer nofollow\" href=\"https:\/\/wa.me\/491728521910\" target=\"_blank\" class=\"wd-hide-lg  wd-social-icon social-whatsapp\" aria-label=\"WhatsApp social link\">\n\t\t\t\t\t\t<span class=\"wd-icon\"><\/span>\n\t\t\t\t\t\t\t\t\t\t\t<\/a>\n\t\t\t\t\n\t\t\t\t\n\t\t\t\t\n\t\t\t\t\n\t\t\t\t\n\t\t\t\t\n\t\t\t\t\n\t\t\t\t\n\t\t\t<\/div>\n\n\t\t\t\t\t\t<\/div>\n\t\t\t\t<\/div>\n\t\t\t\t\t<\/div>\n\t\t<\/div>\n\t\t\t\t\t<\/div>\n\t\t<\/section>\n\t\t\t\t\t<\/div>\n\t\t<\/div>\n\t\t\t\t\t<\/div>\n\t\t<\/section>\n\t\t\t\t<\/div>\n\t\t","protected":false},"excerpt":{"rendered":"<p>Datenschutz Datum des Inkrafttretens: 01.01.2025 Wir bei Effa Food verpflichten uns, Ihre Privatsph\u00e4re zu sch\u00fctzen. In dieser Datenschutzerkl\u00e4rung erfahren Sie,<\/p>\n","protected":false},"author":1,"featured_media":0,"parent":0,"menu_order":0,"comment_status":"closed","ping_status":"closed","template":"","meta":{"footnotes":""},"class_list":["post-20354","page","type-page","status-publish","hentry"],"_links":{"self":[{"href":"https:\/\/effafood.com\/de\/wp-json\/wp\/v2\/pages\/20354","targetHints":{"allow":["GET"]}}],"collection":[{"href":"https:\/\/effafood.com\/de\/wp-json\/wp\/v2\/pages"}],"about":[{"href":"https:\/\/effafood.com\/de\/wp-json\/wp\/v2\/types\/page"}],"author":[{"embeddable":true,"href":"https:\/\/effafood.com\/de\/wp-json\/wp\/v2\/users\/1"}],"replies":[{"embeddable":true,"href":"https:\/\/effafood.com\/de\/wp-json\/wp\/v2\/comments?post=20354"}],"version-history":[{"count":3,"href":"https:\/\/effafood.com\/de\/wp-json\/wp\/v2\/pages\/20354\/revisions"}],"predecessor-version":[{"id":24349,"href":"https:\/\/effafood.com\/de\/wp-json\/wp\/v2\/pages\/20354\/revisions\/24349"}],"wp:attachment":[{"href":"https:\/\/effafood.com\/de\/wp-json\/wp\/v2\/media?parent=20354"}],"curies":[{"name":"wp","href":"https:\/\/api.w.org\/{rel}","templated":true}]}}